{"id":24,"date":"2020-01-04T16:32:20","date_gmt":"2020-01-04T16:32:20","guid":{"rendered":"http:\/\/wp.gampehof.de\/?page_id=24"},"modified":"2020-01-09T22:04:19","modified_gmt":"2020-01-09T22:04:19","slug":"willkommen-2","status":"publish","type":"page","link":"https:\/\/gampehof.de\/","title":{"rendered":"Startseite"},"content":{"rendered":"\n<p><strong>Herzlich Willkommen auf unserer Homepage! <\/strong><\/p>\n\n\n\n<p>Unter <a href=\"\/?page_id=177\">INFOS<\/a> finden Sie allgemeine Angaben \u00fcber uns und unser Anwesen.<\/p>\n\n\n\n<p>Zurzeit stehen keine Wohnungen zur Verf\u00fcgung. Gern k\u00f6nnen Sie sich hier regelm\u00e4\u00dfig \u00fcber neue Angebote informieren oder uns Ihre Daten hinterlassen.<\/p>\n\n\n\n<p>Wie Sie mit uns Kontakt aufnehmen k\u00f6nnen, erfahren Sie unter <a href=\"\/?page_id=85\">KONTAKT<\/a>.<\/p>\n\n\n\n<p>Mieter finden weitere Informationen unter <a href=\"\/?page_id=117\">MIETERINFORMATIONEN<\/a>. <\/p>\n","protected":false},"excerpt":{"rendered":"<p>Herzlich Willkommen auf unserer Homepage! Unter INFOS finden Sie allgemeine Angaben \u00fcber uns und unser Anwesen. Zurzeit stehen keine Wohnungen&hellip;<\/p>\n","protected":false},"author":1,"featured_media":243,"parent":0,"menu_order":0,"comment_status":"closed","ping_status":"closed","template":"","meta":[],"_links":{"self":[{"href":"https:\/\/gampehof.de\/index.php?rest_route=\/wp\/v2\/pages\/24"}],"collection":[{"href":"https:\/\/gampehof.de\/index.php?rest_route=\/wp\/v2\/pages"}],"about":[{"href":"https:\/\/gampehof.de\/index.php?rest_route=\/wp\/v2\/types\/page"}],"author":[{"embeddable":true,"href":"https:\/\/gampehof.de\/index.php?rest_route=\/wp\/v2\/users\/1"}],"replies":[{"embeddable":true,"href":"https:\/\/gampehof.de\/index.php?rest_route=%2Fwp%2Fv2%2Fcomments&post=24"}],"version-history":[{"count":5,"href":"https:\/\/gampehof.de\/index.php?rest_route=\/wp\/v2\/pages\/24\/revisions"}],"predecessor-version":[{"id":258,"href":"https:\/\/gampehof.de\/index.php?rest_route=\/wp\/v2\/pages\/24\/revisions\/258"}],"wp:featuredmedia":[{"embeddable":true,"href":"https:\/\/gampehof.de\/index.php?rest_route=\/wp\/v2\/media\/243"}],"wp:attachment":[{"href":"https:\/\/gampehof.de\/index.php?rest_route=%2Fwp%2Fv2%2Fmedia&parent=24"}],"curies":[{"name":"wp","href":"https:\/\/api.w.org\/{rel}","templated":true}]}}