{"id":190,"date":"2020-01-09T20:39:53","date_gmt":"2020-01-09T20:39:53","guid":{"rendered":"http:\/\/wp.gampehof.de\/?page_id=190"},"modified":"2020-01-09T21:27:42","modified_gmt":"2020-01-09T21:27:42","slug":"tourismus-in-der-region","status":"publish","type":"page","link":"https:\/\/gampehof.de\/?page_id=190","title":{"rendered":"Tourismus in der Region"},"content":{"rendered":"\n<ul><li><a href=\"https:\/\/1000jaehrigeeiche.de\">1000-j\u00e4hrige Eiche<\/a> im Ortszentrum von N\u00f6bdenitz<\/li><li><a href=\"https:\/\/kultur-und-bildungswerkstatt.business.site\/\">Kultur- und Bildungswerkstatt &#8222;Hans-Wilhelm von Th\u00fcmmel&#8220;<\/a> mit B\u00fchne und Dorfbackofen im Ort<\/li><li><a href=\"https:\/\/www.evangelisch-im-sprottental.de\/\">Kirchen Lohma, N\u00f6bdenitz und Posterstein<\/a><\/li><li>Wander- und Radwege, <a href=\"http:\/\/www.lutherweg.de\">Lutherweg<\/a> und <a href=\"https:\/\/www.thueringer-staedtekette.de\/\">Th\u00fcringer-St\u00e4dtekette<\/a> f\u00fchren durch den Ort<\/li><li><a href=\"http:\/\/www.abgfahren.de\/unsere-plaetze\/sprottetal\/sprotte-erlebnispfad\/\">Wassererlebnispfad-Sprotte<\/a> \/ <a href=\"https:\/\/altenburg.travel\/index.php\/entdecken\/natur\/sprotte-erlebnispfad\/\">Sprotte-Erlebnispfad<\/a> mit vielen Stationen zum Entdecken und Ausprobieren, rund um den Bach<\/li><li><a href=\"http:\/\/www.landhotel-riedel.de\/\">Landhotel<\/a> im Nachbarort Untschen<\/li><li><a href=\"https:\/\/www.burg-posterstein.de\/\">Burg<\/a> mit Burgkapelle, <a href=\"https:\/\/www.hotel-posterstein.de\/\">Hotel &#8222;Zur Burg&#8220; mit Gastst\u00e4tte<\/a> sowie <a href=\"https:\/\/posterstein.de\/orte\/kunst-und-kraeuterhof-auenhof\/\">Kunst- und Kr\u00e4uterhof<\/a> im 3 km entfernten Nachbarort <a href=\"https:\/\/posterstein.de\/\">Posterstein<\/a><\/li><li><a href=\"https:\/\/www.schmoelln.de\/index.php?id=63\">Knopfmuseum<\/a> in der <a href=\"https:\/\/www.schmoelln.de\">Knopfstadt Schm\u00f6lln<\/a><\/li><li><a href=\"https:\/\/www.schlosspark-tannenfeld.de\/\">Schloss Tannenfeld<\/a> mit Park (bekannt f\u00fcr die Rhododendren- und Narzissen-Bl\u00fcte im Fr\u00fchjahr)<\/li><li><a href=\"https:\/\/www.tpthueringen.de\/\">Theater Altenburg Gera<\/a><\/li><li>Sportbad <a href=\"http:\/\/www.freizeitbad-tatami.de\/\">Tatami<\/a> mit Saunalandschaft in Schm\u00f6lln<\/li><li><a href=\"http:\/\/www.bravo-eiscafe.de\/minigolf-park\/\">Minigolfanlage<\/a>, <a href=\"http:\/\/www.bravo-eiscafe.de\/eiscafe-bistro\/\">Eiscaf\u00e9<\/a>, <a href=\"https:\/\/www.freibad-vollmershain.de\/\">Freibad<\/a> und Landhotel in <a href=\"https:\/\/www.vollmershain.de\">Vollmershain<\/a><\/li><li><a href=\"https:\/\/residenzschloss-altenburg.de\/index.php\/residenzschloss-altenburg-197.html\">Schloss- und Spielkartenmuseum im Residenzschloss<\/a> in der <a href=\"https:\/\/www.altenburg.eu\">Skatstadt Altenburg<\/a> (ca. 20 km entfernt)<\/li><li><a href=\"http:\/\/www.mauritianum.de\/\">Naturkundemuseum &#8222;Mauritianum&#8220;<\/a> und <a href=\"https:\/\/www.lindenau-museum.de\/\">Lindenau-Museum<\/a> in <a href=\"https:\/\/www.altenburg.eu\">Altenburg<\/a><\/li><li><a href=\"http:\/\/www.deutsches-landwirtschaftsmuseum.de\/\">Deutsches Landwirtschaftsmuseum<\/a> im Schloss Blankenhain<\/li><li><a href=\"http:\/\/www.kohlebahnen.de\/\">Kohlebahn in Meuselwitz<\/a><\/li><li><a href=\"https:\/\/www.altenburger-bauernhoefe.de\/start\/bockwindm%C3%BChle\/\">Bockwindm\u00fchle Lumpzig<\/a><\/li><li><a href=\"http:\/\/www.straussenfarm-burkhardt.de\/\">Strau\u00dfenfarm in Hartha<\/a><\/li><li><a href=\"https:\/\/www.erzgebirge-touristik.de\/typo\/willkommen.59.html\">Sommerrodelbahn in Kohren-Sahles<\/a><\/li><li><a href=\"https:\/\/www.belantis.de\/de\">Belantis Vergn\u00fcgungspark<\/a> in Leipzig<\/li><li><a href=\"https:\/\/www.webalu-werdau.de\/\">Freizeitbad Webalu<\/a> in Werdau<\/li><li>Gel\u00e4nde der Bundesgartenschau 2007 in der Region Ronneburg und Gera (<a href=\"https:\/\/www.hofwiesenpark-gera.de\/\">Hofwiesenpark<\/a> Gera, <a href=\"https:\/\/ronneburg.de\/neue-landschaft\/\">Neue Landschaft<\/a> Ronneburg mit <a href=\"https:\/\/ronneburg.de\/neue-landschaft\/erlebnisbruecke-drachenschwanz\/\">Erlebnisbr\u00fccke &#8222;Drachenschwanz&#8220;<\/a>, <a href=\"https:\/\/geo.viaregia.org\/testbed\/index.pl?rm=obj&amp;objid=391\">Resurrektion Aurora<\/a> L\u00f6bichau)<\/li><\/ul>\n\n\n\n<ul><li><a href=\"https:\/\/www.altenburger-bauernhoefe.de\/\">Altenburger Land &#8211; Das Land der 1000 H\u00f6fe im Herzen Mitteldeutschlands<\/a><\/li><li><a href=\"http:\/\/www.abgfahren.de\/home\/\">ABGefahrenes Altenburger Land<\/a><\/li><\/ul>\n","protected":false},"excerpt":{"rendered":"<p>1000-j\u00e4hrige Eiche im Ortszentrum von N\u00f6bdenitz Kultur- und Bildungswerkstatt &#8222;Hans-Wilhelm von Th\u00fcmmel&#8220; mit B\u00fchne und Dorfbackofen im Ort Kirchen Lohma,&hellip;<\/p>\n","protected":false},"author":1,"featured_media":241,"parent":0,"menu_order":0,"comment_status":"closed","ping_status":"closed","template":"","meta":[],"_links":{"self":[{"href":"https:\/\/gampehof.de\/index.php?rest_route=\/wp\/v2\/pages\/190"}],"collection":[{"href":"https:\/\/gampehof.de\/index.php?rest_route=\/wp\/v2\/pages"}],"about":[{"href":"https:\/\/gampehof.de\/index.php?rest_route=\/wp\/v2\/types\/page"}],"author":[{"embeddable":true,"href":"https:\/\/gampehof.de\/index.php?rest_route=\/wp\/v2\/users\/1"}],"replies":[{"embeddable":true,"href":"https:\/\/gampehof.de\/index.php?rest_route=%2Fwp%2Fv2%2Fcomments&post=190"}],"version-history":[{"count":2,"href":"https:\/\/gampehof.de\/index.php?rest_route=\/wp\/v2\/pages\/190\/revisions"}],"predecessor-version":[{"id":194,"href":"https:\/\/gampehof.de\/index.php?rest_route=\/wp\/v2\/pages\/190\/revisions\/194"}],"wp:featuredmedia":[{"embeddable":true,"href":"https:\/\/gampehof.de\/index.php?rest_route=\/wp\/v2\/media\/241"}],"wp:attachment":[{"href":"https:\/\/gampehof.de\/index.php?rest_route=%2Fwp%2Fv2%2Fmedia&parent=190"}],"curies":[{"name":"wp","href":"https:\/\/api.w.org\/{rel}","templated":true}]}}