{"id":177,"date":"2020-01-09T20:21:19","date_gmt":"2020-01-09T20:21:19","guid":{"rendered":"http:\/\/wp.gampehof.de\/?page_id=177"},"modified":"2024-11-02T15:57:22","modified_gmt":"2024-11-02T15:57:22","slug":"wir-ueber-uns","status":"publish","type":"page","link":"https:\/\/gampehof.de\/?page_id=177","title":{"rendered":"Wir \u00fcber uns"},"content":{"rendered":"<p><span style=\"text-decoration: underline;\">Allgemeines:<\/span><\/p>\n<ul>\n<li>Wir haben das Anwesen im November 2001 von der Familie Claes aus Crimmitschau erworben und seither das Anwesen umfassend saniert und rekonstruiert.<\/li>\n<li>Zum Anwesen geh\u00f6rt der 1,2 ha gro\u00dfe angrenzende Wald.<\/li>\n<li>Die Wohnungen befinden sich im Haupthaus und im ehemaligen Melkerh\u00e4uschen.<\/li>\n<\/ul>\n<p><span style=\"text-decoration: underline;\">Lage:<\/span><\/p>\n<ul>\n<li>Anwesen Raudenitzer Berg 13 in 04626 Schm\u00f6lln \/ Ortsteil N\u00f6bdenitz, im ehemaligen Ort Raudenitz direkt am Wald an einer ruhigen Dorfstra\u00dfe.<\/li>\n<li>Die Fahrzeit betr\u00e4gt ca. 10 Minuten bis Schm\u00f6lln und 15 Minuten bis Gera.<\/li>\n<li>N\u00f6bdenitz liegt von den St\u00e4dten Leipzig, Chemnitz und Jena jeweils ca. 60 km entfernt<\/li>\n<\/ul>\n<p><span style=\"text-decoration: underline;\">Verkehrsanbindung:<\/span><\/p>\n<ul>\n<li>Ca. 5 Min. Fahrzeit bis zu den Anschlussstellen der BAB 4 Schm\u00f6lln und\/oder Ronneburg und ca.\u00a02\u00a0Min. bis zur B\u00a07\u00a0Ronneburg\/Schm\u00f6lln.<\/li>\n<li>Bahnhof (Strecke Glauchau \/ Gera) und Bushaltestellen sind im Ort.<\/li>\n<li>Durch den Ort f\u00fchrt die Kreisstra\u00dfe K 504<\/li>\n<\/ul>\n<p><span style=\"text-decoration: underline;\">Infrastruktur:<\/span><\/p>\n<ul>\n<li>Bankautomaten, Allgemein\u00e4rzt und Zahn\u00e4rzte im Ort<\/li>\n<li>Fleischerei im Nachbarort Lohma<\/li>\n<li>Kinderkrippe, Kindergarten und Regelschule im Ort<\/li>\n<li>B\u00fcrgersaal und B\u00fcrgerzimmer im Ort<\/li>\n<li>Kultur- und Bildungswerkstatt mit B\u00fchne und Dorfbackofen sowie Veranstaltungsraum im Ort<\/li>\n<li>Sportlerheim mit Sauna und Kegelbahn im Ort<\/li>\n<li>Turnhalle im Ort<\/li>\n<li>Freibad, Eisdiele (mit Billiard), G\u00e4rtner und Minigolfanlage im 2\u00a0km entfernten Nachbarort Vollmershain<\/li>\n<li>Gastst\u00e4tten in den umliegenden Orten (Posterstein, L\u00f6bichau, Heukewalde, Schm\u00f6lln, Ronneburg)<\/li>\n<\/ul>\n<p><span style=\"text-decoration: underline;\">Objekt:<\/span><\/p>\n<ul>\n<li>ehemaliger Gutshof<\/li>\n<li>Pkw-Stellpl\u00e4tze im Hof<\/li>\n<li>Wiese, W\u00e4scheplatz, Terasse und Grillecke im Anwesen<\/li>\n<\/ul>\n<p><span style=\"text-decoration: underline;\">Wohnungen \/ R\u00e4ume:<\/span><\/p>\n<ul>\n<li>B\u00e4der mit Fenster, Wanne (au\u00dfer Dachgeschoss Nebengeb\u00e4ude) und Dusche bzw. Duschabtrennung, teilweise mit Fu\u00dfbodenheizung<\/li>\n<li>K\u00fcchen mit Fenster, teilweise mit Einbauk\u00fcche<\/li>\n<\/ul>\n<p><span style=\"text-decoration: underline;\">Anschl\u00fcsse in den Wohnungen:<\/span><\/p>\n<ul>\n<li>Wasser, Strom, Telefon, Satelittenfernsehen, VDSL-vorhanden (bis 75 MBit)<\/li>\n<\/ul>\n<p><span style=\"text-decoration: underline;\">Heizung:<\/span><\/p>\n<ul>\n<li>zentrale Holzpelletheizung f\u00fcr das gesamte Anwesen<\/li>\n<\/ul>\n<p><span style=\"text-decoration: underline;\">Besonderheiten:<\/span><\/p>\n<ul>\n<li>Nutzung der gemeinsamen Anlagen (W\u00e4scheplatz, Stellpl\u00e4tze, Spielplatz, Grillecke, Terasse)<\/li>\n<li>Abstellr\u00e4ume im Anwesen<\/li>\n<li>sehr kinderfreundlich<\/li>\n<li>Dachbalken in DG-Wohnungen teilweise sichtbar<\/li>\n<li>Wechselsprechanlagen zu den Haust\u00fcren mit T\u00fcr\u00f6ffner<\/li>\n<\/ul>\n","protected":false},"excerpt":{"rendered":"<p>Allgemeines: Wir haben das Anwesen im November 2001 von der Familie Claes aus Crimmitschau erworben und seither das Anwesen umfassend&hellip;<\/p>\n","protected":false},"author":1,"featured_media":243,"parent":0,"menu_order":0,"comment_status":"closed","ping_status":"closed","template":"","meta":[],"_links":{"self":[{"href":"https:\/\/gampehof.de\/index.php?rest_route=\/wp\/v2\/pages\/177"}],"collection":[{"href":"https:\/\/gampehof.de\/index.php?rest_route=\/wp\/v2\/pages"}],"about":[{"href":"https:\/\/gampehof.de\/index.php?rest_route=\/wp\/v2\/types\/page"}],"author":[{"embeddable":true,"href":"https:\/\/gampehof.de\/index.php?rest_route=\/wp\/v2\/users\/1"}],"replies":[{"embeddable":true,"href":"https:\/\/gampehof.de\/index.php?rest_route=%2Fwp%2Fv2%2Fcomments&post=177"}],"version-history":[{"count":14,"href":"https:\/\/gampehof.de\/index.php?rest_route=\/wp\/v2\/pages\/177\/revisions"}],"predecessor-version":[{"id":281,"href":"https:\/\/gampehof.de\/index.php?rest_route=\/wp\/v2\/pages\/177\/revisions\/281"}],"wp:featuredmedia":[{"embeddable":true,"href":"https:\/\/gampehof.de\/index.php?rest_route=\/wp\/v2\/media\/243"}],"wp:attachment":[{"href":"https:\/\/gampehof.de\/index.php?rest_route=%2Fwp%2Fv2%2Fmedia&parent=177"}],"curies":[{"name":"wp","href":"https:\/\/api.w.org\/{rel}","templated":true}]}}